{"id":1502,"date":"2026-03-23T04:03:36","date_gmt":"2026-03-23T04:03:36","guid":{"rendered":"https:\/\/laruchedespetitscadeaux.com\/?post_type=product&#038;p=1502"},"modified":"2026-03-28T22:47:23","modified_gmt":"2026-03-28T22:47:23","slug":"protege-carnet-de-sante","status":"publish","type":"product","link":"https:\/\/laruchedespetitscadeaux.com\/ar\/product\/protege-carnet-de-sante\/","title":{"rendered":"protege carnet de sante"},"content":{"rendered":"<p>Prot\u00e8ge carnet de sant\u00e9 personnalis\u00e9, id\u00e9al pour prot\u00e9ger les documents de votre enfant. Pratique, r\u00e9sistant et personnalisable, il est parfait comme <strong data-start=\"1033\" data-end=\"1065\">cadeau de naissance original<\/strong> pour b\u00e9b\u00e9.<\/p>","protected":false},"excerpt":{"rendered":"<p>Prot\u00e8ge carnet de sant\u00e9 personnalis\u00e9, id\u00e9al pour prot\u00e9ger les documents de votre enfant. Pratique, r\u00e9sistant et personnalisable, il est parfait comme cadeau de naissance original pour b\u00e9b\u00e9.<\/p>","protected":false},"featured_media":0,"template":"","meta":{"site-sidebar-layout":"default","site-content-layout":"","ast-site-content-layout":"default","site-content-style":"default","site-sidebar-style":"default","ast-global-header-display":"","ast-banner-title-visibility":"","ast-main-header-display":"","ast-hfb-above-header-display":"","ast-hfb-below-header-display":"","ast-hfb-mobile-header-display":"","site-post-title":"","ast-breadcrumbs-content":"","ast-featured-img":"","footer-sml-layout":"","ast-disable-related-posts":"","theme-transparent-header-meta":"default","adv-header-id-meta":"","stick-header-meta":"","header-above-stick-meta":"","header-main-stick-meta":"","header-below-stick-meta":"","astra-migrate-meta-layouts":"set","ast-page-background-enabled":"default","ast-page-background-meta":{"desktop":{"background-color":"var(--ast-global-color-4)","background-image":"","background-repeat":"repeat","background-position":"center center","background-size":"auto","background-attachment":"scroll","background-type":"","background-media":"","overlay-type":"","overlay-color":"","overlay-opacity":"","overlay-gradient":""},"tablet":{"background-color":"","background-image":"","background-repeat":"repeat","background-position":"center center","background-size":"auto","background-attachment":"scroll","background-type":"","background-media":"","overlay-type":"","overlay-color":"","overlay-opacity":"","overlay-gradient":""},"mobile":{"background-color":"","background-image":"","background-repeat":"repeat","background-position":"center center","background-size":"auto","background-attachment":"scroll","background-type":"","background-media":"","overlay-type":"","overlay-color":"","overlay-opacity":"","overlay-gradient":""}},"ast-content-background-meta":{"desktop":{"background-color":"var(--ast-global-color-5)","background-image":"","background-repeat":"repeat","background-position":"center center","background-size":"auto","background-attachment":"scroll","background-type":"","background-media":"","overlay-type":"","overlay-color":"","overlay-opacity":"","overlay-gradient":""},"tablet":{"background-color":"var(--ast-global-color-5)","background-image":"","background-repeat":"repeat","background-position":"center center","background-size":"auto","background-attachment":"scroll","background-type":"","background-media":"","overlay-type":"","overlay-color":"","overlay-opacity":"","overlay-gradient":""},"mobile":{"background-color":"var(--ast-global-color-5)","background-image":"","background-repeat":"repeat","background-position":"center center","background-size":"auto","background-attachment":"scroll","background-type":"","background-media":"","overlay-type":"","overlay-color":"","overlay-opacity":"","overlay-gradient":""}}},"product_brand":[],"product_cat":[42,45,69,68],"product_tag":[],"class_list":{"0":"post-1502","1":"product","2":"type-product","3":"status-publish","5":"product_cat-bebe","6":"product_cat-enfant","7":"product_cat-protege-carnet-de-sante","8":"product_cat-protege-documents","9":"desktop-align-center","10":"tablet-align-center","11":"mobile-align-center","13":"first","14":"instock","15":"shipping-taxable","16":"purchasable","17":"product-type-simple"},"_links":{"self":[{"href":"https:\/\/laruchedespetitscadeaux.com\/ar\/wp-json\/wp\/v2\/product\/1502","targetHints":{"allow":["GET"]}}],"collection":[{"href":"https:\/\/laruchedespetitscadeaux.com\/ar\/wp-json\/wp\/v2\/product"}],"about":[{"href":"https:\/\/laruchedespetitscadeaux.com\/ar\/wp-json\/wp\/v2\/types\/product"}],"wp:attachment":[{"href":"https:\/\/laruchedespetitscadeaux.com\/ar\/wp-json\/wp\/v2\/media?parent=1502"}],"wp:term":[{"taxonomy":"product_brand","embeddable":true,"href":"https:\/\/laruchedespetitscadeaux.com\/ar\/wp-json\/wp\/v2\/product_brand?post=1502"},{"taxonomy":"product_cat","embeddable":true,"href":"https:\/\/laruchedespetitscadeaux.com\/ar\/wp-json\/wp\/v2\/product_cat?post=1502"},{"taxonomy":"product_tag","embeddable":true,"href":"https:\/\/laruchedespetitscadeaux.com\/ar\/wp-json\/wp\/v2\/product_tag?post=1502"}],"curies":[{"name":"wp","href":"https:\/\/api.w.org\/{rel}","templated":true}]}}