{"id":1029,"date":"2025-08-07T01:32:52","date_gmt":"2025-08-07T01:32:52","guid":{"rendered":"https:\/\/laruchedespetitscadeaux.com\/?post_type=product&#038;p=1029"},"modified":"2025-08-25T22:50:55","modified_gmt":"2025-08-25T22:50:55","slug":"%f0%9f%8e%92-sac-a-dos-spidermantrousse","status":"publish","type":"product","link":"https:\/\/laruchedespetitscadeaux.com\/ar\/product\/%f0%9f%8e%92-sac-a-dos-spidermantrousse\/","title":{"rendered":"\ud83c\udf92 SAC A DOS  Spiderman+TROUSSE ASSORTIE"},"content":{"rendered":"<h3>\ud83c\udf92 Sac \u00e0 dos enfant \u2013 spiderman<\/h3>\n<p style=\"margin: 6px 0; line-height: 1.3;\">Un sac uniq<span style=\"font-size: 16px;\">ue pour les petits fans de spiderman\u00a0 !<\/span><\/p>\n<p style=\"margin: 6px 0; line-height: 1.3;\">le Mod\u00e8le pr\u00e9f\u00e8re aussi bien des enfants\u00a0 que de leurs parents reste\u00a0 ind\u00e9modable. id\u00e9al pour l\u2019\u00e9cole, les sorties ou les activit\u00e9s extrascolaires.<\/p>\n<ul style=\"margin: 6px 0 6px 18px; padding: 0; line-height: 1.3;\">\n<li>\u064a\u0645\u0643\u0646 \u062a\u062e\u0635\u064a\u0635\u0647 \u0628\u0627\u0644\u0627\u0633\u0645<\/li>\n<li>\ud83c\udfa8 Couleurs non personnalisables :<\/li>\n<\/ul>\n<p style=\"margin: 6px 0; font-weight: bold; line-height: 1.3;\">\u062e\u0641\u064a\u0641\u060c \u0645\u062a\u064a\u0646\u060c \u0648\u0645\u0631\u064a\u062d<br \/>\n\u0623\u062d\u0632\u0645\u0629 \u0642\u0627\u0628\u0644\u0629 \u0644\u0644\u062a\u0639\u062f\u064a\u0644 \u0648\u0645\u0646\u0627\u0633\u0628\u0629 \u0644\u0643\u0644 \u0627\u0644\u0623\u0639\u0645\u0627\u0631<\/p>\n<p style=\"margin: 6px 0; line-height: 1.3;\"><strong>\u0627\u0644\u0645\u0627\u062f\u0629<\/strong><br \/>\nFabriqu\u00e9 en simili cuir de qualit\u00e9, offrant durabilit\u00e9 et esth\u00e9tique, compl\u00e8tement imperm\u00e9able (par temps de pluie) et facile \u00e0 nettoyer \u00e0 l\u2019eau, fermeture avec un cordon et un scratch .<\/p>\n<h4 style=\"margin: 10px 0 6px; line-height: 1.3;\">\u0627\u0644\u0645\u0642\u0627\u0633\u0627\u062a \u0627\u0644\u0645\u062a\u0648\u0641\u0631\u0629<\/h4>\n<table style=\"width: 100%; border-collapse: collapse; font-size: 14px; line-height: 1.3; margin-bottom: 10px;\">\n<thead>\n<tr>\n<th style=\"border: 1px solid #ccc; padding: 4px; text-align: left;\">\u0627\u0644\u0645\u0642\u0627\u0633<\/th>\n<th style=\"border: 1px solid #ccc; padding: 4px; text-align: left;\">\u0627\u0644\u0639\u0645\u0631<\/th>\n<th style=\"border: 1px solid #ccc; padding: 4px; text-align: left;\">\u0627\u0644\u0642\u064a\u0627\u0633\u0627\u062a<\/th>\n<th style=\"border: 1px solid #ccc; padding: 4px; text-align: left;\">\u0627\u0644\u0627\u0633\u062a\u062e\u062f\u0627\u0645<\/th>\n<\/tr>\n<\/thead>\n<tbody>\n<tr>\n<td style=\"border: 1px solid #ccc; padding: 4px;\">Taille 1<\/td>\n<td style=\"border: 1px solid #ccc; padding: 4px;\">\u0645\u0646 0 \u0625\u0644\u0649 3 \u0633\u0646\u0648\u0627\u062a<\/td>\n<td style=\"border: 1px solid #ccc; padding: 4px;\">30 x 22 x 10 cm<\/td>\n<td style=\"border: 1px solid #ccc; padding: 4px;\">\u0627\u0644\u0631\u0648\u0636\u0629\u060c \u0648\u0627\u0644\u062e\u0631\u062c\u0627\u062a \u0627\u0644\u0642\u0635\u064a\u0631\u0629<\/td>\n<\/tr>\n<tr>\n<td style=\"border: 1px solid #ccc; padding: 4px;\">Taille 2<\/td>\n<td style=\"border: 1px solid #ccc; padding: 4px;\">\u0645\u0646 4 \u0625\u0644\u0649 6 \u0633\u0646\u0648\u0627\u062a<\/td>\n<td style=\"border: 1px solid #ccc; padding: 4px;\">33 x 24 x 10 cm<\/td>\n<td style=\"border: 1px solid #ccc; padding: 4px;\">\u0627\u0644\u0631\u0648\u0636\u0629 \u0648\u0627\u0644\u0628\u0631\u064a\u0633\u0643\u0648\u0644\u0627\u0631<\/td>\n<\/tr>\n<tr>\n<td style=\"border: 1px solid #ccc; padding: 4px;\">Taille 3<\/td>\n<td style=\"border: 1px solid #ccc; padding: 4px;\">\u0645\u0646 7 \u0633\u0646\u0648\u0627\u062a \u0641\u0645\u0627 \u0641\u0648\u0642<\/td>\n<td style=\"border: 1px solid #ccc; padding: 4px;\">36 x 28 x 10 cm<\/td>\n<td style=\"border: 1px solid #ccc; padding: 4px;\">\u0627\u0644\u0627\u0628\u062a\u062f\u0627\u0626\u064a \u0648\u0627\u0644\u0643\u0648\u0644\u064a\u062c<\/td>\n<\/tr>\n<\/tbody>\n<\/table>\n<p style=\"margin: 6px 0; font-style: italic; line-height: 1.3;\">\ud83d\udccc \u0627\u062e\u062a\u0627\u0631 \u0627\u0644\u0642\u064a\u0627\u0633 \u0627\u0644\u0645\u0646\u0627\u0633\u0628 \u0639\u0644\u0649 \u062d\u0633\u0628 \u0633\u0646 \u0648\u0644\u062f\u0643<\/p>","protected":false},"excerpt":{"rendered":"<p>Sac \u00e0 dos\u00a0 au motif Spiderman +trousse assortie, personnalis\u00e9s avec le pr\u00e9nom de votre choix .<br \/>\nCouleurs non\u00a0 personnalisables.<\/p>","protected":false},"featured_media":1034,"template":"","meta":{"site-sidebar-layout":"default","site-content-layout":"","ast-site-content-layout":"default","site-content-style":"default","site-sidebar-style":"default","ast-global-header-display":"","ast-banner-title-visibility":"","ast-main-header-display":"","ast-hfb-above-header-display":"","ast-hfb-below-header-display":"","ast-hfb-mobile-header-display":"","site-post-title":"","ast-breadcrumbs-content":"","ast-featured-img":"","footer-sml-layout":"","ast-disable-related-posts":"","theme-transparent-header-meta":"default","adv-header-id-meta":"","stick-header-meta":"","header-above-stick-meta":"","header-main-stick-meta":"","header-below-stick-meta":"","astra-migrate-meta-layouts":"set","ast-page-background-enabled":"default","ast-page-background-meta":{"desktop":{"background-color":"var(--ast-global-color-4)","background-image":"","background-repeat":"repeat","background-position":"center center","background-size":"auto","background-attachment":"scroll","background-type":"","background-media":"","overlay-type":"","overlay-color":"","overlay-opacity":"","overlay-gradient":""},"tablet":{"background-color":"","background-image":"","background-repeat":"repeat","background-position":"center center","background-size":"auto","background-attachment":"scroll","background-type":"","background-media":"","overlay-type":"","overlay-color":"","overlay-opacity":"","overlay-gradient":""},"mobile":{"background-color":"","background-image":"","background-repeat":"repeat","background-position":"center center","background-size":"auto","background-attachment":"scroll","background-type":"","background-media":"","overlay-type":"","overlay-color":"","overlay-opacity":"","overlay-gradient":""}},"ast-content-background-meta":{"desktop":{"background-color":"var(--ast-global-color-5)","background-image":"","background-repeat":"repeat","background-position":"center center","background-size":"auto","background-attachment":"scroll","background-type":"","background-media":"","overlay-type":"","overlay-color":"","overlay-opacity":"","overlay-gradient":""},"tablet":{"background-color":"var(--ast-global-color-5)","background-image":"","background-repeat":"repeat","background-position":"center center","background-size":"auto","background-attachment":"scroll","background-type":"","background-media":"","overlay-type":"","overlay-color":"","overlay-opacity":"","overlay-gradient":""},"mobile":{"background-color":"var(--ast-global-color-5)","background-image":"","background-repeat":"repeat","background-position":"center center","background-size":"auto","background-attachment":"scroll","background-type":"","background-media":"","overlay-type":"","overlay-color":"","overlay-opacity":"","overlay-gradient":""}}},"product_brand":[],"product_cat":[48,50,42,44,45,47],"product_tag":[],"class_list":{"0":"post-1029","1":"product","2":"type-product","3":"status-publish","4":"has-post-thumbnail","6":"product_cat-ado","7":"product_cat-ado-garcon","8":"product_cat-bebe","9":"product_cat-bebe-garcon","10":"product_cat-enfant","11":"product_cat-enfants-garcon","12":"desktop-align-center","13":"tablet-align-center","14":"mobile-align-center","16":"first","17":"instock","18":"sale","19":"shipping-taxable","20":"purchasable","21":"product-type-variable"},"_links":{"self":[{"href":"https:\/\/laruchedespetitscadeaux.com\/ar\/wp-json\/wp\/v2\/product\/1029","targetHints":{"allow":["GET"]}}],"collection":[{"href":"https:\/\/laruchedespetitscadeaux.com\/ar\/wp-json\/wp\/v2\/product"}],"about":[{"href":"https:\/\/laruchedespetitscadeaux.com\/ar\/wp-json\/wp\/v2\/types\/product"}],"wp:featuredmedia":[{"embeddable":true,"href":"https:\/\/laruchedespetitscadeaux.com\/ar\/wp-json\/wp\/v2\/media\/1034"}],"wp:attachment":[{"href":"https:\/\/laruchedespetitscadeaux.com\/ar\/wp-json\/wp\/v2\/media?parent=1029"}],"wp:term":[{"taxonomy":"product_brand","embeddable":true,"href":"https:\/\/laruchedespetitscadeaux.com\/ar\/wp-json\/wp\/v2\/product_brand?post=1029"},{"taxonomy":"product_cat","embeddable":true,"href":"https:\/\/laruchedespetitscadeaux.com\/ar\/wp-json\/wp\/v2\/product_cat?post=1029"},{"taxonomy":"product_tag","embeddable":true,"href":"https:\/\/laruchedespetitscadeaux.com\/ar\/wp-json\/wp\/v2\/product_tag?post=1029"}],"curies":[{"name":"wp","href":"https:\/\/api.w.org\/{rel}","templated":true}]}}