{"id":1026,"date":"2025-08-07T01:38:45","date_gmt":"2025-08-07T01:38:45","guid":{"rendered":"https:\/\/laruchedespetitscadeaux.com\/?post_type=product&#038;p=1026"},"modified":"2025-08-25T22:44:54","modified_gmt":"2025-08-25T22:44:54","slug":"trio-fusee-pour-enfants","status":"publish","type":"product","link":"https:\/\/laruchedespetitscadeaux.com\/ar\/product\/trio-fusee-pour-enfants\/","title":{"rendered":"TRIO THEME ESPACE  AVEC LE MOTIF FUSEE"},"content":{"rendered":"<div class=\"block-product__main-info\">\n<div class=\"block-product__content-wrapper\">\n<p><strong>\u0623\u0648\u0635\u0627\u0641 \u0627\u0644\u0645\u0646\u062a\u062c<\/strong><\/p>\n<ul>\n<li data-start=\"262\" data-end=\"575\"><strong data-start=\"262\" data-end=\"351\">D\u00e9couvrez notre ensemble de sacs personnalis\u00e9s pour enfants ultra-ludique et color\u00e9 !<\/strong><br data-start=\"351\" data-end=\"354\" \/>Ce magnifique lot de trois pi\u00e8ces comprend un <strong data-start=\"400\" data-end=\"413\">sac \u00e0 dos<\/strong>, un <strong data-start=\"418\" data-end=\"437\">sac fourre-tout<\/strong>, et une <strong data-start=\"446\" data-end=\"457\">trousse<\/strong>.<br data-start=\"458\" data-end=\"461\" \/>les deux sacs sont illustr\u00e9s avec soin d\u2019un <strong data-start=\"504\" data-end=\"522\">motif de fus\u00e9e<\/strong> et <strong data-start=\"526\" data-end=\"572\">personnalis\u00e9 avec le pr\u00e9nom de votre choix<\/strong>. tandis que la trousse est de couleur\u00a0 assortie et personnalise avec le pr\u00e9nom de votre choix .. Id\u00e9al pour accompagner votre enfant \u00e0 l\u2019\u00e9cole, en sortie ou dans ses activit\u00e9s quotidiennes, tout en ajoutant une touche <strong data-start=\"698\" data-end=\"713\">personnelle<\/strong> et <strong data-start=\"717\" data-end=\"727\">unique<\/strong> \u00e0 son style.<\/li>\n<li class=\"translation-block\">\u0645\u0635\u0646\u0648\u0639 \u0645\u0646 \u0627\u0644\u062c\u0644\u062f \u0627\u0644\u0635\u0646\u0627\u0639\u064a \u0639\u0627\u0644\u064a \u0627\u0644\u062c\u0648\u062f\u0629\u060c \u064a\u0648\u0641\u0631 \u0627\u0644\u0645\u062a\u0627\u0646\u0629 \u0648\u0627\u0644\u062c\u0645\u0627\u0644\u060c \u0645\u0642\u0627\u0648\u0645 \u062a\u0645\u0627\u0645\u064b\u0627 \u0644\u0644\u0645\u0627\u0621 (\u0641\u064a \u0627\u0644\u0623\u062c\u0648\u0627\u0621 \u0627\u0644\u0645\u0645\u0637\u0631\u0629) \u0648\u0633\u0647\u0644 \u0627\u0644\u062a\u0646\u0638\u064a\u0641 \u0628\u0627\u0644\u0645\u0627\u0621.<\/li>\n<li><strong data-start=\"107\" data-end=\"120\">\u0645\u0642\u0627\u0633\u0627\u062a \u062d\u0642\u064a\u0628\u0629 \u0627\u0644\u0638\u0647\u0631:<\/strong><\/li>\n<\/ul>\n<table style=\"height: 175px;\" width=\"763\">\n<thead>\n<tr>\n<th><strong>\u0627\u0644\u0645\u0642\u0627\u0633<\/strong><\/th>\n<th><strong>\u0627\u0644\u0639\u0645\u0631<\/strong><\/th>\n<th><strong>\u0627\u0644\u0642\u064a\u0627\u0633\u0627\u062a<\/strong><\/th>\n<th><strong>\u0627\u0644\u0627\u0633\u062a\u062e\u062f\u0627\u0645<\/strong><\/th>\n<\/tr>\n<\/thead>\n<tbody>\n<tr>\n<td>Taille 1<\/td>\n<td>\u0645\u0646 0 \u0625\u0644\u0649 3 \u0633\u0646\u0648\u0627\u062a<\/td>\n<td>30 x 22 x 10 cm<\/td>\n<td>\u0627\u0644\u0631\u0648\u0636\u0629\u060c \u0648\u0627\u0644\u062e\u0631\u062c\u0627\u062a \u0627\u0644\u0642\u0635\u064a\u0631\u0629<\/td>\n<\/tr>\n<tr>\n<td>Taille 2<\/td>\n<td>\u0645\u0646 4 \u0625\u0644\u0649 6 \u0633\u0646\u0648\u0627\u062a<\/td>\n<td>33 x 24 x 10 cm<\/td>\n<td>\u0627\u0644\u0631\u0648\u0636\u0629 \u0648\u0627\u0644\u0628\u0631\u064a\u0633\u0643\u0648\u0644\u0627\u0631<\/td>\n<\/tr>\n<tr>\n<td>Taille 3<\/td>\n<td>\u0645\u06467 \u0625\u0644\u0649 13 \u0633\u0646\u0648\u0627\u062a<\/td>\n<td>36 x 28 x 10 cm<\/td>\n<td>\u00c9cole primaire et moyenne<\/td>\n<\/tr>\n<\/tbody>\n<\/table>\n<h4 style=\"margin-bottom: 6px;\">\ud83d\udccf \ud83d\udccc <em style=\"font-size: 16px;\">Choisissez la taille id\u00e9ale selon l\u2019\u00e2ge de votre enfant.<\/em><\/h4>\n<\/div>\n<\/div>","protected":false},"excerpt":{"rendered":"<p>Cet ensemble 3 pi\u00e8ces comprend un sac \u00e0 dos, un sac fourre-tout\u00a0 avec le th\u00e8me espace orn\u00e9s au motif fus\u00e9e et une trousse de m\u00eame couleur.<\/p>","protected":false},"featured_media":1040,"template":"","meta":{"site-sidebar-layout":"default","site-content-layout":"","ast-site-content-layout":"default","site-content-style":"default","site-sidebar-style":"default","ast-global-header-display":"","ast-banner-title-visibility":"","ast-main-header-display":"","ast-hfb-above-header-display":"","ast-hfb-below-header-display":"","ast-hfb-mobile-header-display":"","site-post-title":"","ast-breadcrumbs-content":"","ast-featured-img":"","footer-sml-layout":"","ast-disable-related-posts":"","theme-transparent-header-meta":"default","adv-header-id-meta":"","stick-header-meta":"","header-above-stick-meta":"","header-main-stick-meta":"","header-below-stick-meta":"","astra-migrate-meta-layouts":"set","ast-page-background-enabled":"default","ast-page-background-meta":{"desktop":{"background-color":"var(--ast-global-color-4)","background-image":"","background-repeat":"repeat","background-position":"center center","background-size":"auto","background-attachment":"scroll","background-type":"","background-media":"","overlay-type":"","overlay-color":"","overlay-opacity":"","overlay-gradient":""},"tablet":{"background-color":"","background-image":"","background-repeat":"repeat","background-position":"center center","background-size":"auto","background-attachment":"scroll","background-type":"","background-media":"","overlay-type":"","overlay-color":"","overlay-opacity":"","overlay-gradient":""},"mobile":{"background-color":"","background-image":"","background-repeat":"repeat","background-position":"center center","background-size":"auto","background-attachment":"scroll","background-type":"","background-media":"","overlay-type":"","overlay-color":"","overlay-opacity":"","overlay-gradient":""}},"ast-content-background-meta":{"desktop":{"background-color":"var(--ast-global-color-5)","background-image":"","background-repeat":"repeat","background-position":"center center","background-size":"auto","background-attachment":"scroll","background-type":"","background-media":"","overlay-type":"","overlay-color":"","overlay-opacity":"","overlay-gradient":""},"tablet":{"background-color":"var(--ast-global-color-5)","background-image":"","background-repeat":"repeat","background-position":"center center","background-size":"auto","background-attachment":"scroll","background-type":"","background-media":"","overlay-type":"","overlay-color":"","overlay-opacity":"","overlay-gradient":""},"mobile":{"background-color":"var(--ast-global-color-5)","background-image":"","background-repeat":"repeat","background-position":"center center","background-size":"auto","background-attachment":"scroll","background-type":"","background-media":"","overlay-type":"","overlay-color":"","overlay-opacity":"","overlay-gradient":""}}},"product_brand":[],"product_cat":[50,42,44,45,47],"product_tag":[],"class_list":{"0":"post-1026","1":"product","2":"type-product","3":"status-publish","4":"has-post-thumbnail","6":"product_cat-ado-garcon","7":"product_cat-bebe","8":"product_cat-bebe-garcon","9":"product_cat-enfant","10":"product_cat-enfants-garcon","11":"desktop-align-center","12":"tablet-align-center","13":"mobile-align-center","15":"first","16":"instock","17":"sale","18":"shipping-taxable","19":"purchasable","20":"product-type-variable"},"_links":{"self":[{"href":"https:\/\/laruchedespetitscadeaux.com\/ar\/wp-json\/wp\/v2\/product\/1026","targetHints":{"allow":["GET"]}}],"collection":[{"href":"https:\/\/laruchedespetitscadeaux.com\/ar\/wp-json\/wp\/v2\/product"}],"about":[{"href":"https:\/\/laruchedespetitscadeaux.com\/ar\/wp-json\/wp\/v2\/types\/product"}],"wp:featuredmedia":[{"embeddable":true,"href":"https:\/\/laruchedespetitscadeaux.com\/ar\/wp-json\/wp\/v2\/media\/1040"}],"wp:attachment":[{"href":"https:\/\/laruchedespetitscadeaux.com\/ar\/wp-json\/wp\/v2\/media?parent=1026"}],"wp:term":[{"taxonomy":"product_brand","embeddable":true,"href":"https:\/\/laruchedespetitscadeaux.com\/ar\/wp-json\/wp\/v2\/product_brand?post=1026"},{"taxonomy":"product_cat","embeddable":true,"href":"https:\/\/laruchedespetitscadeaux.com\/ar\/wp-json\/wp\/v2\/product_cat?post=1026"},{"taxonomy":"product_tag","embeddable":true,"href":"https:\/\/laruchedespetitscadeaux.com\/ar\/wp-json\/wp\/v2\/product_tag?post=1026"}],"curies":[{"name":"wp","href":"https:\/\/api.w.org\/{rel}","templated":true}]}}