{"id":692,"date":"2024-09-17T23:15:53","date_gmt":"2024-09-17T23:15:53","guid":{"rendered":"https:\/\/client.wooecom.com\/?page_id=692"},"modified":"2025-08-17T01:04:50","modified_gmt":"2025-08-17T01:04:50","slug":"about-us","status":"publish","type":"page","link":"https:\/\/laruchedespetitscadeaux.com\/ar\/about-us\/","title":{"rendered":"\u0645\u0646 \u0646\u062d\u0646"},"content":{"rendered":"<div data-elementor-type=\"wp-page\" data-elementor-id=\"692\" class=\"elementor elementor-692\">\n\t\t\t\t<div class=\"elementor-element elementor-element-10033ecc e-flex e-con-boxed wpr-particle-no wpr-jarallax-no wpr-parallax-no wpr-sticky-section-no e-con e-parent\" data-id=\"10033ecc\" data-element_type=\"container\" data-e-type=\"container\">\n\t\t\t\t\t<div class=\"e-con-inner\">\n\t\t\t\t<div class=\"elementor-element elementor-element-5921b836 elementor-widget elementor-widget-image\" data-id=\"5921b836\" data-element_type=\"widget\" data-e-type=\"widget\" data-widget_type=\"image.default\">\n\t\t\t\t<div class=\"elementor-widget-container\">\n\t\t\t\t\t\t\t\t\t\t\t\t\t\t\t<img fetchpriority=\"high\" decoding=\"async\" width=\"300\" height=\"199\" src=\"https:\/\/laruchedespetitscadeaux.com\/wp-content\/uploads\/2024\/09\/backgrounderaser_20210901_205735526-mk3J7y4wBnszZXZb-1-300x199.png\" class=\"attachment-medium size-medium wp-image-1053\" alt=\"\" srcset=\"https:\/\/laruchedespetitscadeaux.com\/wp-content\/uploads\/2024\/09\/backgrounderaser_20210901_205735526-mk3J7y4wBnszZXZb-1-300x199.png 300w, https:\/\/laruchedespetitscadeaux.com\/wp-content\/uploads\/2024\/09\/backgrounderaser_20210901_205735526-mk3J7y4wBnszZXZb-1.png 438w\" sizes=\"(max-width: 300px) 100vw, 300px\" \/>\t\t\t\t\t\t\t\t\t\t\t\t\t\t\t<\/div>\n\t\t\t\t<\/div>\n\t\t\t\t<div class=\"elementor-element elementor-element-4193d410 elementor-widget elementor-widget-text-editor\" data-id=\"4193d410\" data-element_type=\"widget\" data-e-type=\"widget\" data-widget_type=\"text-editor.default\">\n\t\t\t\t<div class=\"elementor-widget-container\">\n\t\t\t\t\t\t\t\t\t<p class=\"\" data-start=\"0\" data-end=\"197\">Bienvenue dans notre boutique sp\u00e9cialis\u00e9e dans le shopping avec le mode &lsquo;Paiement \u00e0 la livraison&rsquo; ! Nous sommes fiers d&rsquo;offrir une exp\u00e9rience d&rsquo;achat unique et pratique \u00e0 nos pr\u00e9cieux clients.<\/p><p class=\"\" data-start=\"199\" data-end=\"553\">Nous croyons en l&rsquo;importance de rendre le processus d&rsquo;achat simple et confortable. C&rsquo;est pourquoi nous avons adopt\u00e9 le syst\u00e8me &lsquo;Paiement \u00e0 la livraison&rsquo; pour vous offrir un maximum de commodit\u00e9. Vous pouvez commander facilement et en toute confiance sur notre site web, puis payer en esp\u00e8ces \u00e0 la r\u00e9ception de votre commande, directement \u00e0 votre porte.<\/p><p class=\"\" data-start=\"555\" data-end=\"809\">Dans notre boutique, nous nous effor\u00e7ons constamment de r\u00e9pondre \u00e0 vos besoins en vous proposant des produits de haute qualit\u00e9 \u00e0 des prix abordables. En reconnaissance de votre confiance, nous nous engageons \u00e0 assurer votre satisfaction \u00e0 chaque achat.<\/p><p class=\"\" data-start=\"811\" data-end=\"1019\">Merci d&rsquo;avoir choisi notre boutique ! Nous avons h\u00e2te de vous servir avec le meilleur de nos produits. Si vous avez des questions ou besoin d&rsquo;aide, n&rsquo;h\u00e9sitez pas \u00e0 nous contacter. Nous sommes l\u00e0 pour vous !<\/p><p class=\"\" data-start=\"1021\" data-end=\"1060\">Avec fiert\u00e9, la ruche des petits cadeaux<\/p>\t\t\t\t\t\t\t\t<\/div>\n\t\t\t\t<\/div>\n\t\t\t\t\t<\/div>\n\t\t\t\t<\/div>\n\t\t\t\t<\/div>","protected":false},"excerpt":{"rendered":"<p>Bienvenue dans notre boutique sp\u00e9cialis\u00e9e dans le shopping avec le mode &lsquo;Paiement \u00e0 la livraison&rsquo; ! Nous sommes fiers d&rsquo;offrir une exp\u00e9rience d&rsquo;achat unique et pratique \u00e0 nos pr\u00e9cieux clients. Nous croyons en l&rsquo;importance de rendre le processus d&rsquo;achat simple et confortable. C&rsquo;est pourquoi nous avons adopt\u00e9 le syst\u00e8me &lsquo;Paiement \u00e0 la livraison&rsquo; pour vous offrir un maximum de commodit\u00e9. Vous pouvez commander facilement et en toute confiance sur notre site web, puis payer en esp\u00e8ces \u00e0 la r\u00e9ception de votre commande, directement \u00e0 votre porte. Dans notre boutique, nous nous effor\u00e7ons constamment de r\u00e9pondre \u00e0 vos besoins en vous proposant des produits de haute qualit\u00e9 \u00e0 des prix abordables. En reconnaissance de votre confiance, nous nous engageons \u00e0 assurer votre satisfaction \u00e0 chaque achat. Merci d&rsquo;avoir choisi notre boutique ! Nous avons h\u00e2te de vous servir avec le meilleur de nos produits. Si vous avez des questions ou besoin d&rsquo;aide, n&rsquo;h\u00e9sitez pas \u00e0 nous contacter. Nous sommes l\u00e0 pour vous ! Avec fiert\u00e9, la ruche des petits cadeaux<\/p>","protected":false},"author":1,"featured_media":0,"parent":0,"menu_order":0,"comment_status":"closed","ping_status":"closed","template":"","meta":{"site-sidebar-layout":"no-sidebar","site-content-layout":"","ast-site-content-layout":"full-width-container","site-content-style":"default","site-sidebar-style":"default","ast-global-header-display":"","ast-banner-title-visibility":"","ast-main-header-display":"","ast-hfb-above-header-display":"","ast-hfb-below-header-display":"","ast-hfb-mobile-header-display":"","site-post-title":"","ast-breadcrumbs-content":"","ast-featured-img":"disabled","footer-sml-layout":"","ast-disable-related-posts":"","theme-transparent-header-meta":"","adv-header-id-meta":"","stick-header-meta":"","header-above-stick-meta":"","header-main-stick-meta":"","header-below-stick-meta":"","astra-migrate-meta-layouts":"default","ast-page-background-enabled":"default","ast-page-background-meta":{"desktop":{"background-color":"var(--ast-global-color-4)","background-image":"","background-repeat":"repeat","background-position":"center center","background-size":"auto","background-attachment":"scroll","background-type":"","background-media":"","overlay-type":"","overlay-color":"","overlay-opacity":"","overlay-gradient":""},"tablet":{"background-color":"","background-image":"","background-repeat":"repeat","background-position":"center center","background-size":"auto","background-attachment":"scroll","background-type":"","background-media":"","overlay-type":"","overlay-color":"","overlay-opacity":"","overlay-gradient":""},"mobile":{"background-color":"","background-image":"","background-repeat":"repeat","background-position":"center center","background-size":"auto","background-attachment":"scroll","background-type":"","background-media":"","overlay-type":"","overlay-color":"","overlay-opacity":"","overlay-gradient":""}},"ast-content-background-meta":{"desktop":{"background-color":"var(--ast-global-color-5)","background-image":"","background-repeat":"repeat","background-position":"center center","background-size":"auto","background-attachment":"scroll","background-type":"","background-media":"","overlay-type":"","overlay-color":"","overlay-opacity":"","overlay-gradient":""},"tablet":{"background-color":"var(--ast-global-color-5)","background-image":"","background-repeat":"repeat","background-position":"center center","background-size":"auto","background-attachment":"scroll","background-type":"","background-media":"","overlay-type":"","overlay-color":"","overlay-opacity":"","overlay-gradient":""},"mobile":{"background-color":"var(--ast-global-color-5)","background-image":"","background-repeat":"repeat","background-position":"center center","background-size":"auto","background-attachment":"scroll","background-type":"","background-media":"","overlay-type":"","overlay-color":"","overlay-opacity":"","overlay-gradient":""}},"footnotes":""},"class_list":["post-692","page","type-page","status-publish","hentry"],"_links":{"self":[{"href":"https:\/\/laruchedespetitscadeaux.com\/ar\/wp-json\/wp\/v2\/pages\/692","targetHints":{"allow":["GET"]}}],"collection":[{"href":"https:\/\/laruchedespetitscadeaux.com\/ar\/wp-json\/wp\/v2\/pages"}],"about":[{"href":"https:\/\/laruchedespetitscadeaux.com\/ar\/wp-json\/wp\/v2\/types\/page"}],"author":[{"embeddable":true,"href":"https:\/\/laruchedespetitscadeaux.com\/ar\/wp-json\/wp\/v2\/users\/1"}],"replies":[{"embeddable":true,"href":"https:\/\/laruchedespetitscadeaux.com\/ar\/wp-json\/wp\/v2\/comments?post=692"}],"version-history":[{"count":26,"href":"https:\/\/laruchedespetitscadeaux.com\/ar\/wp-json\/wp\/v2\/pages\/692\/revisions"}],"predecessor-version":[{"id":1222,"href":"https:\/\/laruchedespetitscadeaux.com\/ar\/wp-json\/wp\/v2\/pages\/692\/revisions\/1222"}],"wp:attachment":[{"href":"https:\/\/laruchedespetitscadeaux.com\/ar\/wp-json\/wp\/v2\/media?parent=692"}],"curies":[{"name":"wp","href":"https:\/\/api.w.org\/{rel}","templated":true}]}}